{"id":9,"date":"2018-08-14T00:57:59","date_gmt":"2018-08-14T00:57:59","guid":{"rendered":"https:\/\/corporate.sgwpdemo.com\/?page_id=9"},"modified":"2025-09-15T23:11:01","modified_gmt":"2025-09-15T21:11:01","slug":"corporate","status":"publish","type":"page","link":"https:\/\/cleanfintech.we-coders.in\/es\/","title":{"rendered":"CleanFinTech"},"content":{"rendered":"<div class=\"gb-container gb-container-b63815f2\">\n\n<p><strong>CleanFinTech <\/strong>l\u00edder en el desarrollo de soluciones tecnol\u00f3gicas innovadoras que buscan transformar sectores cr\u00edticos como el medio ambiente, el cambio clim\u00e1tico, la agricultura y la construcci\u00f3n. Con un enfoque centrado en la sostenibilidad y el cumplimiento de los est\u00e1ndares ASG (Ambiental, Social, and Gobernanza), CleanFinTech integra investigaci\u00f3n y tecnolog\u00eda para impulsar cambios significativos en estos campos.<\/p>\n<p><strong>CleanFinTech (Clean Financial Technology)<\/strong> apuesta por la combinaci\u00f3n de tecnolog\u00edas que promueven la sostenibilidad y el impacto ambiental positivo. Adoptamos criterios que fomentan la inversi\u00f3n en energ\u00edas limpias y sostenibles, la reducci\u00f3n de la huella de carbono y la promoci\u00f3n de empresas ecol\u00f3gicamente responsables.<\/p>\n<p>En <strong>CleanFinTech<\/strong> combinamos la din\u00e1mica invisible de la f\u00edsica, la qu\u00edmica y la microbiolog\u00eda que nos rodea todos los d\u00edas, para mejorar el confort, la calidad del aire, la durabilidad y la eficiencia energ\u00e9tica en el sector de la edificaci\u00f3n. Ofrecemos soluciones innovadoras tanto para propietarios privados como para profesionales del sector, utilizando herramientas avanzadas como pruebas de ultrasonido, termograf\u00eda infrarroja y diagn\u00f3sticos detallados de climatizaci\u00f3n, lo que nos permite optimizar el rendimiento energ\u00e9tico y asegurar la sostenibilidad de los edificios. Adem\u00e1s, aplicamos tecnolog\u00edas limpias como paneles solares y turbinas e\u00f3licas integradas, contribuyendo a un futuro m\u00e1s sostenible.<\/p>\n<p>Nuestros servicios en el \u00e1mbito de la construcci\u00f3n incluyen:<\/p>\n<h2><a href=\"https:\/\/cleanfintech.com\/blower-door-madrid\/\" target=\"_blank\" rel=\"noopener\">Hermeticidad y Pruebas Blower Door en Madrid: Certificaci\u00f3n y Sellado Eficiente<\/a><\/h2>\n<p>En CleanFinTech somos especialistas en hermeticidad, siendo este uno de los secretos m\u00e1s importantes para el rendimiento de una vivienda. Un correcto sellamiento de la envolvente del edificio garantiza eficiencia energ\u00e9tica, confort y durabilidad a largo plazo. Sin embargo, la calidad de la hermeticidad no puede darse por supuesta, debe comprobarse.<\/p>\n<p>En <strong>CleanFinTech<\/strong>, hemos desarrollado una soluci\u00f3n innovadora que te permite verificar el sellamiento de tu vivienda de manera r\u00e1pida y precisa. A trav\u00e9s de un proceso automatizado, realizamos el <strong>test blower door<\/strong> y sellamos cualquier posible fuga de aire, todo en una sola visita. As\u00ed, podr\u00e1s obtener tu cifra de hermeticidad y el certificado correspondiente sin complicaciones ni retrasos.<\/p>\n<p>No sirve de nada afirmar que una casa est\u00e1 bien sellada si no se comprueba. Con <strong>CleanFinTech<\/strong>, puedes estar seguro de que tu vivienda cumple con los m\u00e1s altos est\u00e1ndares de hermeticidad y eficiencia, garantizando un hogar m\u00e1s confortable y sostenible.<\/p>\n<p>Adem\u00e1s, ofrecemos servicios de:<\/p>\n<h2><a href=\"https:\/\/cleanfintech.com\/consultoria-energetica-edificios\/\" target=\"_blank\" rel=\"noopener\">Consultor\u00eda Passivhaus en Madrid y Mallorca<\/a><\/h2>\n<p><strong>CleanFinTech<\/strong> es independiente de los constructores, direcciones de obra, industriales y gestores de tu proyecto. Nuestro enfoque imparcial garantiza que no estamos vinculados a la venta de productos espec\u00edficos, lo que nos permite ofrecer soluciones objetivas y detectar detalles ocultos que puedan pasar desapercibidos.<\/p>\n<p>Nuestro servicio de consultor\u00eda Passivhaus, tanto en Madrid como en Mallorca, ayuda a los propietarios y profesionales a evaluar el sistema completo del proyecto, asegurando que se cumplan los principios fundamentales de este est\u00e1ndar de construcci\u00f3n eficiente. Ofrecemos nuestras soluciones a una amplia gama de edificaciones: viviendas unifamiliares, adosados, rehabilitaciones, edificios residenciales e industriales, instalaciones deportivas, locales comerciales y centros de ense\u00f1anza.<\/p>\n<p>Ya sea que tu proyecto est\u00e9 en las primeras fases de dise\u00f1o o si deseas realizar una auditor\u00eda en una vivienda ya construida, nuestra consultor\u00eda se adapta a tus necesidades. Nos enfocamos en garantizar la eficiencia energ\u00e9tica, el confort y la durabilidad, aplicando los m\u00e1s altos est\u00e1ndares Passivhaus para asegurar el rendimiento \u00f3ptimo de cualquier edificaci\u00f3n.<\/p>\n<p>Nos especializamos en:<\/p>\n<h2>Construcci\u00f3n de Edificios Passiv en Madrid<\/h2>\n<p>Nos dedicamos a la construcci\u00f3n de viviendas Passiv certificadas, tambi\u00e9n conocidas como Passive House o Passivhaus. Estas edificaciones destacan por su alta eficiencia energ\u00e9tica y su capacidad de mantener un confort t\u00e9rmico \u00f3ptimo durante todo el a\u00f1o, utilizando un m\u00ednimo consumo de energ\u00eda.<\/p>\n<p>Una construcci\u00f3n Passiv puede adaptarse a cualquier estilo, desde un tiny home hasta una vivienda de lujo, y puede realizarse con cualquier tipo de dise\u00f1o o material, lo que permite flexibilidad tanto en proyectos modernos como tradicionales. El objetivo es siempre el mismo: crear un espacio habitable que reduzca significativamente la necesidad de calefacci\u00f3n y refrigeraci\u00f3n, lo que resulta en un hogar m\u00e1s sostenible y econ\u00f3mico.<\/p>\n<p>Al optar por una vivienda Passiv, est\u00e1s invirtiendo en confort, durabilidad y sostenibilidad a largo plazo. Ya sea para una casa peque\u00f1a o un edificio de mayor envergadura, nuestra experiencia en la construcci\u00f3n Passiv garantiza que cada proyecto cumpla con los m\u00e1s altos est\u00e1ndares energ\u00e9ticos, sin sacrificar el dise\u00f1o o el estilo.<\/p>\n\n<\/div>","protected":false},"excerpt":{"rendered":"<p>CleanFinTech l\u00edder en el desarrollo de soluciones tecnol\u00f3gicas innovadoras que buscan transformar sectores cr\u00edticos como el medio ambiente, el cambio clim\u00e1tico, la agricultura y la construcci\u00f3n. Con un enfoque centrado en la sostenibilidad y el cumplimiento de los est\u00e1ndares ASG (Ambiental, Social, and Gobernanza), CleanFinTech integra investigaci\u00f3n y tecnolog\u00eda para impulsar cambios significativos en estos &#8230; <a title=\"CleanFinTech\" class=\"read-more\" href=\"https:\/\/cleanfintech.we-coders.in\/es\/\" aria-label=\"Leer m\u00e1s sobre CleanFinTech\">Leer m\u00e1s<\/a><\/p>","protected":false},"author":1,"featured_media":0,"parent":0,"menu_order":0,"comment_status":"closed","ping_status":"closed","template":"","meta":{"_acf_changed":false,"footnotes":""},"class_list":["post-9","page","type-page","status-publish"],"acf":[],"_links":{"self":[{"href":"https:\/\/cleanfintech.we-coders.in\/es\/wp-json\/wp\/v2\/pages\/9","targetHints":{"allow":["GET"]}}],"collection":[{"href":"https:\/\/cleanfintech.we-coders.in\/es\/wp-json\/wp\/v2\/pages"}],"about":[{"href":"https:\/\/cleanfintech.we-coders.in\/es\/wp-json\/wp\/v2\/types\/page"}],"author":[{"embeddable":true,"href":"https:\/\/cleanfintech.we-coders.in\/es\/wp-json\/wp\/v2\/users\/1"}],"replies":[{"embeddable":true,"href":"https:\/\/cleanfintech.we-coders.in\/es\/wp-json\/wp\/v2\/comments?post=9"}],"version-history":[{"count":12,"href":"https:\/\/cleanfintech.we-coders.in\/es\/wp-json\/wp\/v2\/pages\/9\/revisions"}],"predecessor-version":[{"id":259,"href":"https:\/\/cleanfintech.we-coders.in\/es\/wp-json\/wp\/v2\/pages\/9\/revisions\/259"}],"wp:attachment":[{"href":"https:\/\/cleanfintech.we-coders.in\/es\/wp-json\/wp\/v2\/media?parent=9"}],"curies":[{"name":"wp","href":"https:\/\/api.w.org\/{rel}","templated":true}]}}